{"id":196,"date":"2026-01-03T11:54:50","date_gmt":"2026-01-03T11:54:50","guid":{"rendered":"https:\/\/web14496.cweb06.gamingcontrol.de\/?page_id=196"},"modified":"2026-01-03T11:55:33","modified_gmt":"2026-01-03T11:55:33","slug":"impressum","status":"publish","type":"page","link":"https:\/\/web14496.cweb06.gamingcontrol.de\/?page_id=196","title":{"rendered":"impressum"},"content":{"rendered":"\n<p>Julian Kohlstadt<\/p>\n\n\n\n<p>Kellerstra\u00dfe 17<\/p>\n\n\n\n<p>81667 M\u00fcnchen<\/p>\n\n\n\n<p><strong>Kontakt<\/strong><\/p>\n\n\n\n<p>Email: info@audio8.de<\/p>\n\n\n\n<p>Tel: +49 151 27575737<\/p>\n\n\n\n<p>Umsatzsteueridentifikationsnummer gem\u00e4\u00df \u00a727a Umsatzsteuergesetz: DE252394005<\/p>\n\n\n\n<p><\/p>\n\n\n\n<p>Inhaltlich und Rechtlich verantwortlich Julian Kohlstadt<\/p>\n","protected":false},"excerpt":{"rendered":"<p>Julian Kohlstadt Kellerstra\u00dfe 17 81667 M\u00fcnchen Kontakt Email: info@audio8.de Tel: +49 151 27575737 Umsatzsteueridentifikationsnummer gem\u00e4\u00df \u00a727a Umsatzsteuergesetz: DE252394005 Inhaltlich und Rechtlich verantwortlich Julian Kohlstadt<\/p>\n","protected":false},"author":1,"featured_media":0,"parent":0,"menu_order":0,"comment_status":"closed","ping_status":"closed","template":"","meta":{"footnotes":""},"class_list":["post-196","page","type-page","status-publish","hentry"],"_links":{"self":[{"href":"https:\/\/web14496.cweb06.gamingcontrol.de\/index.php?rest_route=\/wp\/v2\/pages\/196","targetHints":{"allow":["GET"]}}],"collection":[{"href":"https:\/\/web14496.cweb06.gamingcontrol.de\/index.php?rest_route=\/wp\/v2\/pages"}],"about":[{"href":"https:\/\/web14496.cweb06.gamingcontrol.de\/index.php?rest_route=\/wp\/v2\/types\/page"}],"author":[{"embeddable":true,"href":"https:\/\/web14496.cweb06.gamingcontrol.de\/index.php?rest_route=\/wp\/v2\/users\/1"}],"replies":[{"embeddable":true,"href":"https:\/\/web14496.cweb06.gamingcontrol.de\/index.php?rest_route=%2Fwp%2Fv2%2Fcomments&post=196"}],"version-history":[{"count":2,"href":"https:\/\/web14496.cweb06.gamingcontrol.de\/index.php?rest_route=\/wp\/v2\/pages\/196\/revisions"}],"predecessor-version":[{"id":199,"href":"https:\/\/web14496.cweb06.gamingcontrol.de\/index.php?rest_route=\/wp\/v2\/pages\/196\/revisions\/199"}],"wp:attachment":[{"href":"https:\/\/web14496.cweb06.gamingcontrol.de\/index.php?rest_route=%2Fwp%2Fv2%2Fmedia&parent=196"}],"curies":[{"name":"wp","href":"https:\/\/api.w.org\/{rel}","templated":true}]}}