{"id":192,"date":"2025-12-10T14:47:41","date_gmt":"2025-12-10T14:47:41","guid":{"rendered":"https:\/\/web14496.cweb06.gamingcontrol.de\/?page_id=192"},"modified":"2025-12-10T14:48:19","modified_gmt":"2025-12-10T14:48:19","slug":"media","status":"publish","type":"page","link":"https:\/\/web14496.cweb06.gamingcontrol.de\/?page_id=192","title":{"rendered":"Media"},"content":{"rendered":"\n<p><strong>M\u00f6glichkeiten<\/strong><\/p>\n\n\n\n<p>Legen Sie Wert auf erstklassige Klangqualit\u00e4t? Wir setzen Ihre akustischen W\u00fcnsche um:<\/p>\n\n\n\n<ul class=\"wp-block-list\">\n<li>Aufnahme von Solisten, Musikgruppen und Bands<\/li>\n\n\n\n<li>High-End CD-Mastering<\/li>\n\n\n\n<li>Mehrspur-Live-Mitschnitte<\/li>\n\n\n\n<li>Musikkomposition (z.B. Filmmusik\/Werbetrailer)<\/li>\n\n\n\n<li>Produktion von Werbespots, Audio-Logos und H\u00f6rspielen<\/li>\n\n\n\n<li>Ton f\u00fcr Film- und Videoproduktion (Nachbearbeitung)<\/li>\n\n\n\n<li>Remix-Aufgaben<\/li>\n\n\n\n<li>Corporate Audio Voice over IP (Wartefelder, Ansagen im \u201ebesetzt\u201c Fall, Vermittlung)<\/li>\n<\/ul>\n\n\n\n<p>Von der Demo bis zum fertigen Album. Das gesamte Spektrum der Musikproduktion bieten Ihnen die digimediavision audio auf h\u00f6chstem Niveau und Qualit\u00e4t<\/p>\n","protected":false},"excerpt":{"rendered":"<p>M\u00f6glichkeiten Legen Sie Wert auf erstklassige Klangqualit\u00e4t? Wir setzen Ihre akustischen W\u00fcnsche um: Von der Demo bis zum fertigen Album. Das gesamte Spektrum der Musikproduktion bieten Ihnen die digimediavision audio auf h\u00f6chstem Niveau und Qualit\u00e4t<\/p>\n","protected":false},"author":1,"featured_media":0,"parent":0,"menu_order":0,"comment_status":"closed","ping_status":"closed","template":"","meta":{"footnotes":""},"class_list":["post-192","page","type-page","status-publish","hentry"],"_links":{"self":[{"href":"https:\/\/web14496.cweb06.gamingcontrol.de\/index.php?rest_route=\/wp\/v2\/pages\/192","targetHints":{"allow":["GET"]}}],"collection":[{"href":"https:\/\/web14496.cweb06.gamingcontrol.de\/index.php?rest_route=\/wp\/v2\/pages"}],"about":[{"href":"https:\/\/web14496.cweb06.gamingcontrol.de\/index.php?rest_route=\/wp\/v2\/types\/page"}],"author":[{"embeddable":true,"href":"https:\/\/web14496.cweb06.gamingcontrol.de\/index.php?rest_route=\/wp\/v2\/users\/1"}],"replies":[{"embeddable":true,"href":"https:\/\/web14496.cweb06.gamingcontrol.de\/index.php?rest_route=%2Fwp%2Fv2%2Fcomments&post=192"}],"version-history":[{"count":1,"href":"https:\/\/web14496.cweb06.gamingcontrol.de\/index.php?rest_route=\/wp\/v2\/pages\/192\/revisions"}],"predecessor-version":[{"id":194,"href":"https:\/\/web14496.cweb06.gamingcontrol.de\/index.php?rest_route=\/wp\/v2\/pages\/192\/revisions\/194"}],"wp:attachment":[{"href":"https:\/\/web14496.cweb06.gamingcontrol.de\/index.php?rest_route=%2Fwp%2Fv2%2Fmedia&parent=192"}],"curies":[{"name":"wp","href":"https:\/\/api.w.org\/{rel}","templated":true}]}}