{"id":141,"date":"2025-12-05T18:37:32","date_gmt":"2025-12-05T18:37:32","guid":{"rendered":"https:\/\/web14496.cweb06.gamingcontrol.de\/?page_id=141"},"modified":"2025-12-10T14:46:44","modified_gmt":"2025-12-10T14:46:44","slug":"it-services","status":"publish","type":"page","link":"https:\/\/web14496.cweb06.gamingcontrol.de\/?page_id=141","title":{"rendered":"IT-Services"},"content":{"rendered":"\n<p>Nicht nur die Anzahl der verf\u00fcgbaren IT-Technologien w\u00e4chst immer rasanter, die Komplexit\u00e4t der etablierten Techniken und Produkte ebenso. Der Arbeitsanfall in der Informationstechnik steigt immer weiter.<\/p>\n\n\n\n<p>Viele IT-Mitarbeiter leiden unter Arbeitsbelastung \u00fcber das normale Ma\u00df hinaus. Jede Technologie und jedes Produkt erfordert mehr und immer neues Spezialwis\u00adsen. Die Menge der zu administrierenden Komponenten w\u00e4chst kontinuierlich. Zudem wird es durch den stei\u00adgen\u00adden Kostendruck schwieriger, das Personal ent\u00adspre\u00adchend aufzustocken oder auch nur regelm\u00e4\u00dfig fortzubilden.<\/p>\n\n\n\n<p>Trotz der traditionell hohen Flexibilit\u00e4t der IT-Mitarbeiter kommt es immer wieder zu Engp\u00e4ssen. H\u00e4ufig pro\u00adjekt\u00adbedingt, oft aber auch dauerhaft.<\/p>\n\n\n\n<p>Viele IT-Mitarbeiter stehen am Rande der Belastbarkeit. Es fehlt an der n\u00f6tigen Zeit und dem n\u00f6tigen Personal. Da sich der Arbeitsanfall in der IT erfahrungsgem\u00e4\u00df nie\u00admals reduziert sondern &#8211; im Gegenteil &#8211; erh\u00f6ht, sind flexible L\u00f6sungen n\u00f6tiger denn je.<\/p>\n\n\n\n<p>Vor diesem Hintergrund ist es wichtig, bei Bedarf auf erfahrene externe Fachleute zu\u00adr\u00fcckgreifen zu k\u00f6nnen, die mit Ihrer IT-Situation vertraut sind und \u00fcber das erforderliche Spezialwissen verf\u00fcgen.<\/p>\n\n\n\n<p>IT-Services, warum Sie mit uns sprechen sollten<\/p>\n\n\n\n<p><strong>Wir bieten Experten f\u00fcr projektbezogene oder auch l\u00e4ngerfristige Unterst\u00fctzung unter anderem in folgenden Bereichen:<\/strong><\/p>\n\n\n\n<ul class=\"wp-block-list\">\n<li>Microsoft- und Unix\/Linux-Umgebungen.<\/li>\n\n\n\n<li>Netzwerkadministration und Netzwerkmanagement<\/li>\n\n\n\n<li>Storage, Backup, Archivierung<\/li>\n\n\n\n<li>Sicherheitsadministration<\/li>\n\n\n\n<li>Internet-Anbindung und WAN-Strukturen.<\/li>\n<\/ul>\n\n\n\n<p>Unterst\u00fctzung bedeutet bei uns nicht Personal\u00fcberlassung. Jede Form der techni\u00adschen Unterst\u00fctzung sehen wir als Projekt, das in unsere Ressourcenstruktur einge\u00adbunden wird.<\/p>\n\n\n\n<p>Damit steht unseren Kunden jederzeit das Fachwissen aller unserer Mitarbeiter zur Ver\u00adf\u00fcgung. Sollten sich Fragestellungen aus speziellen Themenbereichen ergeben, die Projektmitarbeiter von sich aus nicht l\u00f6sen k\u00f6nnen, dann stehen jederzeit weitere Spe\u00adzialisten zur Unterst\u00fctzung bereit.<\/p>\n\n\n\n<p>Mit unserem Rechenzentrum k\u00f6nnen wir kurzfristig technische Ressourcen f\u00fcr unsere Auftraggeber verf\u00fcgbar machen und in Labor- und Testumgebungen Probleme nachstellen.<\/p>\n\n\n\n<p>Wir stehen Ihren Mitarbeitern bei allen IT-Fragen als Ansprechpartner &#8211; und vor allem auch als technischer Diskussionspartner &#8211; zur Verf\u00fcgung. So werden Ihre Mitarbeiter nicht nur unterst\u00fctzt, sondern durch Knowhow-Transfer auch weiter qualifiziert.<\/p>\n\n\n\n<p>Da wir kein Systemhaus sind, sondern ein unabh\u00e4ngiger technischer Dienstleister, verfolgen wir keine Herstellerinteressen bei unserer T\u00e4tigkeit. Gleichwohl verf\u00fcgen wir \u00fcber beste Herstellerkontakte (z.B. als Microsoft Gold Partner) und \u00fcber exklusive Support-Zug\u00e4nge, die wir gerne f\u00fcr Sie nutzen.<\/p>\n","protected":false},"excerpt":{"rendered":"<p>Nicht nur die Anzahl der verf\u00fcgbaren IT-Technologien w\u00e4chst immer rasanter, die Komplexit\u00e4t der etablierten Techniken und Produkte ebenso. Der Arbeitsanfall in der Informationstechnik steigt immer weiter. Viele IT-Mitarbeiter leiden unter Arbeitsbelastung \u00fcber das normale Ma\u00df hinaus. Jede Technologie und jedes Produkt erfordert mehr und immer neues Spezialwis\u00adsen. Die Menge der zu administrierenden Komponenten w\u00e4chst kontinuierlich. [&hellip;]<\/p>\n","protected":false},"author":1,"featured_media":0,"parent":0,"menu_order":0,"comment_status":"closed","ping_status":"closed","template":"","meta":{"footnotes":""},"class_list":["post-141","page","type-page","status-publish","hentry"],"_links":{"self":[{"href":"https:\/\/web14496.cweb06.gamingcontrol.de\/index.php?rest_route=\/wp\/v2\/pages\/141","targetHints":{"allow":["GET"]}}],"collection":[{"href":"https:\/\/web14496.cweb06.gamingcontrol.de\/index.php?rest_route=\/wp\/v2\/pages"}],"about":[{"href":"https:\/\/web14496.cweb06.gamingcontrol.de\/index.php?rest_route=\/wp\/v2\/types\/page"}],"author":[{"embeddable":true,"href":"https:\/\/web14496.cweb06.gamingcontrol.de\/index.php?rest_route=\/wp\/v2\/users\/1"}],"replies":[{"embeddable":true,"href":"https:\/\/web14496.cweb06.gamingcontrol.de\/index.php?rest_route=%2Fwp%2Fv2%2Fcomments&post=141"}],"version-history":[{"count":1,"href":"https:\/\/web14496.cweb06.gamingcontrol.de\/index.php?rest_route=\/wp\/v2\/pages\/141\/revisions"}],"predecessor-version":[{"id":191,"href":"https:\/\/web14496.cweb06.gamingcontrol.de\/index.php?rest_route=\/wp\/v2\/pages\/141\/revisions\/191"}],"wp:attachment":[{"href":"https:\/\/web14496.cweb06.gamingcontrol.de\/index.php?rest_route=%2Fwp%2Fv2%2Fmedia&parent=141"}],"curies":[{"name":"wp","href":"https:\/\/api.w.org\/{rel}","templated":true}]}}