{"id":126,"date":"2025-12-05T18:35:58","date_gmt":"2025-12-05T18:35:58","guid":{"rendered":"https:\/\/web14496.cweb06.gamingcontrol.de\/?page_id=126"},"modified":"2025-12-10T14:32:17","modified_gmt":"2025-12-10T14:32:17","slug":"netzwerktechnik","status":"publish","type":"page","link":"https:\/\/web14496.cweb06.gamingcontrol.de\/?page_id=126","title":{"rendered":"Netzwerktechnik"},"content":{"rendered":"\n<p>Jedes Unternehmen ist heute durchg\u00e4ngig vernetzt. Eine funk\u00adtio\u00adnierende Netzwerkinfrastruktur ist zu einer wesentlichen Voraus\u00adsetzung f\u00fcr den Gesch\u00e4ftsbetrieb insgesamt geworden.<\/p>\n\n\n\n<p>Zuverl\u00e4ssige und performante Netzwerktechnik ist der Kitt zwischen fast allen Systemkomponenten, egal ob Hardware oder Software. Alle Abl\u00e4ufe \u00fcber System\u00adgren\u00adzen hinweg sind auf Netzwerktechnik angewiesen.<\/p>\n\n\n\n<p>Daher ist es wichtig, die Netzwerkinfrastruktur dauer\u00adhaft funk\u00adtions- und leistungsf\u00e4hig zu halten. Bereits tempor\u00e4re Probleme in den Kommunikationsbeziehun\u00adgen wirken sich unmittelbar auf den Gesch\u00e4ftsbetrieb und damit sofort auch wirtschaftlich aus.<\/p>\n\n\n\n<p>Netzwerktechnik betrifft Unternehmen nicht nur intern. Auch die Au\u00dfenwirkung steht damit in Zusammenhang. Wer nicht mehr per E-Mail kommunizieren kann, hat bald ein Problem mit seinen Gesch\u00e4ftspartnern.<\/p>\n\n\n\n<h4 class=\"wp-block-heading\"><strong>Im Rahmen eines geregelten Netzwerkbetriebs stellen sich unter anderem folgende Fragen:<\/strong><\/h4>\n\n\n\n<ul class=\"wp-block-list\">\n<li>Ist unsere Infrastruktur angemessen leistungsf\u00e4hig?<\/li>\n\n\n\n<li>Wie ausfallsicher ist unsere Infrastruktur?<\/li>\n\n\n\n<li>Wie \u00fcberwachen wir unsere Infrastruktur?<\/li>\n\n\n\n<li>Wie performant (und redundant) ist die Anbindung unserer zentralen Komponenten?<\/li>\n\n\n\n<li>Wie zukunftsf\u00e4hig ist unser IP-Konzept?<\/li>\n\n\n\n<li>Ist eine VLAN-Struktur sinnvoll f\u00fcr uns?<\/li>\n\n\n\n<li>Wie tr\u00e4gt unser Netz zur IT-Sicherheit bei?<\/li>\n<\/ul>\n\n\n\n<p>Netzwerktechnik ist heute leistungsf\u00e4higer denn je. Die Produkte werden dabei immer komplexer. Wir erleben dies seit vielen Jahren und haben unser Augenmerk darauf gelegt, unsere Kompetenz in diesem Bereich stetig auszubauen.<\/p>\n\n\n\n<p>Netzwerkarchitekturen sind eine filigrane Angelegenheit. Professionelle Planung und Implementierung sind wichtige Voraussetzungen f\u00fcr das verl\u00e4ssliche Zusammenspiel der beteiligten aktiven und passiven Komponenten.<\/p>\n\n\n\n<h4 class=\"wp-block-heading\"><strong>warum Sie mit uns sprechen sollten<\/strong><\/h4>\n\n\n\n<p>Wir haben Erfahrung mit Netzwerktechnik von mittelst\u00e4ndischen Dimensionen bis hin zu \u00fcberregionalen Verbundnetzen. Im Lauf der Jahre haben wir dar\u00fcber hinaus einige <a href=\"http:\/\/www.kpconsult.de\/vertiefende_infos\/Netzwerkthemen\">Spezialgebiete<\/a> entwickelt, die unseren Kunden bei komplizierteren Fragestellungen zugute kommen.<\/p>\n\n\n\n<ul class=\"wp-block-list\">\n<li>Wir arbeiten herstellerunabh\u00e4ngig.<\/li>\n\n\n\n<li>Wir planen und\/oder implementieren komplette Netzinfrastrukturen oder auch nur Teile davon.<\/li>\n\n\n\n<li>Wir f\u00fchren effektives Netzwerkmanagement ein.<\/li>\n\n\n\n<li>Wir administrieren und \u00fcberwachen den Betrieb im Rahmen unserer IT-Services.<\/li>\n<\/ul>\n\n\n\n<p>Netzwerke bilden das R\u00fcckgrat der Datenkommunikation im Unternehmen. Vorbeugen, erkennen, heilen. Das gilt auch f\u00fcr komplizierte Netzwerkstrukturen. Fragen Sie jemand, der sich auskennt. Sprechen Sie mit uns.<\/p>\n","protected":false},"excerpt":{"rendered":"<p>Jedes Unternehmen ist heute durchg\u00e4ngig vernetzt. Eine funk\u00adtio\u00adnierende Netzwerkinfrastruktur ist zu einer wesentlichen Voraus\u00adsetzung f\u00fcr den Gesch\u00e4ftsbetrieb insgesamt geworden. Zuverl\u00e4ssige und performante Netzwerktechnik ist der Kitt zwischen fast allen Systemkomponenten, egal ob Hardware oder Software. Alle Abl\u00e4ufe \u00fcber System\u00adgren\u00adzen hinweg sind auf Netzwerktechnik angewiesen. Daher ist es wichtig, die Netzwerkinfrastruktur dauer\u00adhaft funk\u00adtions- und leistungsf\u00e4hig zu [&hellip;]<\/p>\n","protected":false},"author":1,"featured_media":0,"parent":0,"menu_order":0,"comment_status":"closed","ping_status":"closed","template":"","meta":{"footnotes":""},"class_list":["post-126","page","type-page","status-publish","hentry"],"_links":{"self":[{"href":"https:\/\/web14496.cweb06.gamingcontrol.de\/index.php?rest_route=\/wp\/v2\/pages\/126","targetHints":{"allow":["GET"]}}],"collection":[{"href":"https:\/\/web14496.cweb06.gamingcontrol.de\/index.php?rest_route=\/wp\/v2\/pages"}],"about":[{"href":"https:\/\/web14496.cweb06.gamingcontrol.de\/index.php?rest_route=\/wp\/v2\/types\/page"}],"author":[{"embeddable":true,"href":"https:\/\/web14496.cweb06.gamingcontrol.de\/index.php?rest_route=\/wp\/v2\/users\/1"}],"replies":[{"embeddable":true,"href":"https:\/\/web14496.cweb06.gamingcontrol.de\/index.php?rest_route=%2Fwp%2Fv2%2Fcomments&post=126"}],"version-history":[{"count":3,"href":"https:\/\/web14496.cweb06.gamingcontrol.de\/index.php?rest_route=\/wp\/v2\/pages\/126\/revisions"}],"predecessor-version":[{"id":176,"href":"https:\/\/web14496.cweb06.gamingcontrol.de\/index.php?rest_route=\/wp\/v2\/pages\/126\/revisions\/176"}],"wp:attachment":[{"href":"https:\/\/web14496.cweb06.gamingcontrol.de\/index.php?rest_route=%2Fwp%2Fv2%2Fmedia&parent=126"}],"curies":[{"name":"wp","href":"https:\/\/api.w.org\/{rel}","templated":true}]}}