{"id":124,"date":"2025-12-05T18:35:29","date_gmt":"2025-12-05T18:35:29","guid":{"rendered":"https:\/\/web14496.cweb06.gamingcontrol.de\/?page_id=124"},"modified":"2025-12-10T14:05:54","modified_gmt":"2025-12-10T14:05:54","slug":"karriere","status":"publish","type":"page","link":"https:\/\/web14496.cweb06.gamingcontrol.de\/?page_id=124","title":{"rendered":"Karriere"},"content":{"rendered":"\n<p><strong>Netzwerkspezialist Freiberuflich\/Festanstellung<\/strong><\/p>\n\n\n\n<p><strong>Ihre Aufgaben:<\/strong><\/p>\n\n\n\n<p>&#8211; Sie k\u00fcmmern sich um das Monitoring, Konfiguration, Fehlerbehebung und Planung im Netzwerkmanagementbereich<br>&#8211; Sie \u00fcbernehmen die Verantwortung f\u00fcr die Durchf\u00fchrung von Migrationen und f\u00fchren diese selbstst\u00e4ndig durch<br>&#8211; Sie unterst\u00fctzung beim Helpdesk und User Support in unserer bestehenden Infrastruktur<br>&#8211; Security Management- und Virtualisierungsaktivit\u00e4ten runden Ihren Aufgabenbereich ab<br><br><strong>Ihr Profil:<\/strong><br>&#8211; Abgeschlossenes technisches Studium und\/oder entsprechende Berufserfahrung<br>&#8211; Mindestens 2 &#8211; 3 Jahre praktische Erfahrung in der Administration von Netzwerken<br>&#8211; Erfahrungen im Bereich IP Telefonie<br>&#8211; Solide Kenntnisse im Bereich von Konfiguration von Cisco Routern<br>&#8211; Solide Kenntnisse im Bereich von Routing Protokollen (OSPF, EIGRP, BGP)<br>&#8211; Fundierte LAN Netzwerk-Kenntnisse<br>&#8211; W\u00fcnschenswert w\u00e4re: CCNA Zertifizierung, Erfahrungen mit Layer 2 Techniken<br>&#8211; Gute Englischkenntnisse<br><br><strong>Au\u00dferdem:<\/strong><br>&#8211; Sie sind ein analytischer Typ und k\u00f6nnen sich in komplexe Abl\u00e4ufe hineindenken?<br>&#8211; Sie f\u00fchlen sich wohl im Team und k\u00f6nnen sich auch alleine behaupten?<br>&#8211; Sie sind ein selbstbewusster aber auch offener Typ, der gerne Neues erlernt und Erlerntes anwendet?<\/p>\n","protected":false},"excerpt":{"rendered":"<p>Netzwerkspezialist Freiberuflich\/Festanstellung Ihre Aufgaben: &#8211; Sie k\u00fcmmern sich um das Monitoring, Konfiguration, Fehlerbehebung und Planung im Netzwerkmanagementbereich&#8211; Sie \u00fcbernehmen die Verantwortung f\u00fcr die Durchf\u00fchrung von Migrationen und f\u00fchren diese selbstst\u00e4ndig durch&#8211; Sie unterst\u00fctzung beim Helpdesk und User Support in unserer bestehenden Infrastruktur&#8211; Security Management- und Virtualisierungsaktivit\u00e4ten runden Ihren Aufgabenbereich ab Ihr Profil:&#8211; Abgeschlossenes technisches Studium [&hellip;]<\/p>\n","protected":false},"author":1,"featured_media":0,"parent":0,"menu_order":0,"comment_status":"closed","ping_status":"closed","template":"","meta":{"footnotes":""},"class_list":["post-124","page","type-page","status-publish","hentry"],"_links":{"self":[{"href":"https:\/\/web14496.cweb06.gamingcontrol.de\/index.php?rest_route=\/wp\/v2\/pages\/124","targetHints":{"allow":["GET"]}}],"collection":[{"href":"https:\/\/web14496.cweb06.gamingcontrol.de\/index.php?rest_route=\/wp\/v2\/pages"}],"about":[{"href":"https:\/\/web14496.cweb06.gamingcontrol.de\/index.php?rest_route=\/wp\/v2\/types\/page"}],"author":[{"embeddable":true,"href":"https:\/\/web14496.cweb06.gamingcontrol.de\/index.php?rest_route=\/wp\/v2\/users\/1"}],"replies":[{"embeddable":true,"href":"https:\/\/web14496.cweb06.gamingcontrol.de\/index.php?rest_route=%2Fwp%2Fv2%2Fcomments&post=124"}],"version-history":[{"count":2,"href":"https:\/\/web14496.cweb06.gamingcontrol.de\/index.php?rest_route=\/wp\/v2\/pages\/124\/revisions"}],"predecessor-version":[{"id":161,"href":"https:\/\/web14496.cweb06.gamingcontrol.de\/index.php?rest_route=\/wp\/v2\/pages\/124\/revisions\/161"}],"wp:attachment":[{"href":"https:\/\/web14496.cweb06.gamingcontrol.de\/index.php?rest_route=%2Fwp%2Fv2%2Fmedia&parent=124"}],"curies":[{"name":"wp","href":"https:\/\/api.w.org\/{rel}","templated":true}]}}