{"id":123,"date":"2025-12-05T18:36:11","date_gmt":"2025-12-05T18:36:11","guid":{"rendered":"https:\/\/web14496.cweb06.gamingcontrol.de\/?page_id=123"},"modified":"2025-12-10T14:10:36","modified_gmt":"2025-12-10T14:10:36","slug":"ueber-uns","status":"publish","type":"page","link":"https:\/\/web14496.cweb06.gamingcontrol.de\/?page_id=123","title":{"rendered":"\u00dcber uns"},"content":{"rendered":"\n<div class=\"wp-block-group is-nowrap is-layout-flex wp-container-core-group-is-layout-6c531013 wp-block-group-is-layout-flex\">\n<figure class=\"wp-block-image size-full is-style-default\"><img loading=\"lazy\" decoding=\"async\" width=\"317\" height=\"317\" src=\"https:\/\/web14496.cweb06.gamingcontrol.de\/wp-content\/uploads\/2025\/12\/group-edited-2.jpg\" alt=\"\" class=\"wp-image-100\"\/ style=\"height: 25px !important; width: auto;\" srcset=\"https:\/\/web14496.cweb06.gamingcontrol.de\/wp-content\/uploads\/2025\/12\/group-edited-2.jpg 317w, https:\/\/web14496.cweb06.gamingcontrol.de\/wp-content\/uploads\/2025\/12\/group-edited-2-300x300.jpg 300w, https:\/\/web14496.cweb06.gamingcontrol.de\/wp-content\/uploads\/2025\/12\/group-edited-2-150x150.jpg 150w\" sizes=\"auto, (max-width: 317px) 100vw, 317px\" \/><\/figure>\n\n\n\n<p><strong>Unser Ziel ist Ihr Ziel. Ein Partner<\/strong><\/p>\n<\/div>\n\n\n\n<p>Unser Unternehmen hat sich darauf spezialisiert komplette IT-L\u00f6sungen zu liefern. Wir bieten Ihnen von der Planung \u00fcber das Design bis hin zur Implementierung und Lieferung von Netzwerkkomponenten alles aus einer Hand. Somit haben Sie lediglich einen Ansprechpartner f\u00fcr Ihre komplette Netzwerkinfrastruktur. Durch beste Kontakte und Referenzen, k\u00f6nnen auch Sie dauerhaft profitieren.<\/p>\n\n\n\n<p>digimediavision Kohlstadt bietet Ihnen modernste IT-L\u00f6sungen, die Ihrem Unternehmen mehr Zeit und bessere Strukturen erlauben. Bei der Planung, Einrichtung und der \u00dcberwachung Ihres Netzwerkes sind wir der richtige Ansprechpartner f\u00fcr Sie!<\/p>\n\n\n\n<p class=\"has-text-align-center\"><strong>know how . hohe anspr\u00fcche . profesionell umsetzen . kompetente mitarbeiter digimediavision kohlstadt<\/strong><\/p>\n\n\n\n<p>Unser Unternehmen sieht sich als Ihr zuverl\u00e4ssiger IT Partner mit langfristiger und vertrauensvoller Ausrichtung. Durch unsere regionale N\u00e4he zu mittelst\u00e4ndischen Unternehmen, unsere schlanke Struktur, unsere kurzen Entscheidungswege und unsere fachliche Kompetenz ist unser IT Systemhaus f\u00fcr Ihr mittelst\u00e4ndisches Unternehmen&nbsp;ein strategischer IT Partner &#8211; heute und in der Zukunft.<\/p>\n\n\n\n<p><\/p>\n\n\n\n<p><\/p>\n","protected":false},"excerpt":{"rendered":"<p>Unser Ziel ist Ihr Ziel. Ein Partner Unser Unternehmen hat sich darauf spezialisiert komplette IT-L\u00f6sungen zu liefern. Wir bieten Ihnen von der Planung \u00fcber das Design bis hin zur Implementierung und Lieferung von Netzwerkkomponenten alles aus einer Hand. Somit haben Sie lediglich einen Ansprechpartner f\u00fcr Ihre komplette Netzwerkinfrastruktur. Durch beste Kontakte und Referenzen, k\u00f6nnen auch [&hellip;]<\/p>\n","protected":false},"author":1,"featured_media":0,"parent":0,"menu_order":0,"comment_status":"closed","ping_status":"closed","template":"","meta":{"footnotes":""},"class_list":["post-123","page","type-page","status-publish","hentry"],"_links":{"self":[{"href":"https:\/\/web14496.cweb06.gamingcontrol.de\/index.php?rest_route=\/wp\/v2\/pages\/123","targetHints":{"allow":["GET"]}}],"collection":[{"href":"https:\/\/web14496.cweb06.gamingcontrol.de\/index.php?rest_route=\/wp\/v2\/pages"}],"about":[{"href":"https:\/\/web14496.cweb06.gamingcontrol.de\/index.php?rest_route=\/wp\/v2\/types\/page"}],"author":[{"embeddable":true,"href":"https:\/\/web14496.cweb06.gamingcontrol.de\/index.php?rest_route=\/wp\/v2\/users\/1"}],"replies":[{"embeddable":true,"href":"https:\/\/web14496.cweb06.gamingcontrol.de\/index.php?rest_route=%2Fwp%2Fv2%2Fcomments&post=123"}],"version-history":[{"count":8,"href":"https:\/\/web14496.cweb06.gamingcontrol.de\/index.php?rest_route=\/wp\/v2\/pages\/123\/revisions"}],"predecessor-version":[{"id":163,"href":"https:\/\/web14496.cweb06.gamingcontrol.de\/index.php?rest_route=\/wp\/v2\/pages\/123\/revisions\/163"}],"wp:attachment":[{"href":"https:\/\/web14496.cweb06.gamingcontrol.de\/index.php?rest_route=%2Fwp%2Fv2%2Fmedia&parent=123"}],"curies":[{"name":"wp","href":"https:\/\/api.w.org\/{rel}","templated":true}]}}